{"id":16119,"date":"2025-12-24T11:53:45","date_gmt":"2025-12-24T10:53:45","guid":{"rendered":"https:\/\/www.clinicabajo.com\/we\/dr-arturo-ortega-rodriguez\/"},"modified":"2026-04-24T17:28:29","modified_gmt":"2026-04-24T15:28:29","slug":"dr-arturo-ortega-rodriguez","status":"publish","type":"page","link":"https:\/\/www.clinicabajo.com\/en\/about-us\/dr-arturo-ortega-rodriguez\/","title":{"rendered":"Dr Arturo Ortega Rodr\u00edguez"},"content":{"rendered":"\n<div class=\"wp-block-group has-global-padding is-layout-constrained wp-block-group-is-layout-constrained\" style=\"margin-top:var(--wp--preset--spacing--50);margin-bottom:var(--wp--preset--spacing--50)\">\n<div class=\"wp-block-columns is-layout-flex wp-container-core-columns-is-layout-cbe57604 wp-block-columns-is-layout-flex\">\n<div class=\"wp-block-column is-vertically-aligned-center is-layout-flow wp-block-column-is-layout-flow\">\n<h2 class=\"wp-block-heading\" style=\"font-style:normal;font-weight:700;text-transform:uppercase\">Orthodontics and Orthognathic Surgery<\/h2>\n\n\n\n<div class=\"wp-block-group has-global-padding is-layout-constrained wp-block-group-is-layout-constrained\" style=\"margin-top:var(--wp--preset--spacing--40)\">\n<h3 class=\"wp-block-heading has-medium-font-size\">Degree in Medicine and Surgery from the University of La Laguna.<\/h3>\n\n\n\n<h3 class=\"wp-block-heading has-medium-font-size\">Specialist in Stomatology from the University of Oviedo in 1991.<\/h3>\n\n\n\n<h3 class=\"wp-block-heading has-medium-font-size\">Specialist in Orthodontics and Orthognathics from the University of Oviedo in 1994.<\/h3>\n\n\n\n<h3 class=\"wp-block-heading has-medium-font-size\">Member of the S.E.D.O. (Spanish Society of Orthodontics).<\/h3>\n<\/div>\n<\/div>\n\n\n\n<div class=\"wp-block-column is-vertically-aligned-center is-layout-flow wp-block-column-is-layout-flow\">\n<figure class=\"wp-block-image aligncenter size-full is-resized\"><img loading=\"lazy\" decoding=\"async\" width=\"339\" height=\"339\" src=\"https:\/\/www.clinicabajo.com\/wp-content\/uploads\/2025\/12\/Dr.-Arturo-Ortega-Rodriguez-Ortodoncia-y-Cirugia-Ortognatica.jpg\" alt=\"Dr. Arturo Ortega Rodr\u00edguez, experto en ortodoncia y cirug\u00eda ortogn\u00e1tica en Cl\u00ednica Abajo, Los Cristianos. Especialista en Tenerife Sur.\" class=\"wp-image-16267\" style=\"object-fit:cover;width:500px;height:500px\" title=\"\" srcset=\"https:\/\/www.clinicabajo.com\/wp-content\/uploads\/2025\/12\/Dr.-Arturo-Ortega-Rodriguez-Ortodoncia-y-Cirugia-Ortognatica.jpg 339w, https:\/\/www.clinicabajo.com\/wp-content\/uploads\/2025\/12\/Dr.-Arturo-Ortega-Rodriguez-Ortodoncia-y-Cirugia-Ortognatica-300x300.jpg 300w, https:\/\/www.clinicabajo.com\/wp-content\/uploads\/2025\/12\/Dr.-Arturo-Ortega-Rodriguez-Ortodoncia-y-Cirugia-Ortognatica-150x150.jpg 150w\" sizes=\"auto, (max-width: 339px) 100vw, 339px\" \/><\/figure>\n<\/div>\n<\/div>\n<\/div>\n","protected":false},"excerpt":{"rendered":"<p>Orthodontics and Orthognathic Surgery Degree in Medicine and Surgery from the University of La Laguna. Specialist in Stomatology from the University of Oviedo in 1991. Specialist in Orthodontics and Orthognathics from the University of Oviedo in 1994. Member of the S.E.D.O. (Spanish Society of Orthodontics).<\/p>\n","protected":false},"author":2,"featured_media":16054,"parent":16044,"menu_order":0,"comment_status":"closed","ping_status":"closed","template":"pagina-cv","meta":{"footnotes":""},"class_list":["post-16119","page","type-page","status-publish","has-post-thumbnail","hentry"],"_links":{"self":[{"href":"https:\/\/www.clinicabajo.com\/en\/wp-json\/wp\/v2\/pages\/16119","targetHints":{"allow":["GET"]}}],"collection":[{"href":"https:\/\/www.clinicabajo.com\/en\/wp-json\/wp\/v2\/pages"}],"about":[{"href":"https:\/\/www.clinicabajo.com\/en\/wp-json\/wp\/v2\/types\/page"}],"author":[{"embeddable":true,"href":"https:\/\/www.clinicabajo.com\/en\/wp-json\/wp\/v2\/users\/2"}],"replies":[{"embeddable":true,"href":"https:\/\/www.clinicabajo.com\/en\/wp-json\/wp\/v2\/comments?post=16119"}],"version-history":[{"count":2,"href":"https:\/\/www.clinicabajo.com\/en\/wp-json\/wp\/v2\/pages\/16119\/revisions"}],"predecessor-version":[{"id":17036,"href":"https:\/\/www.clinicabajo.com\/en\/wp-json\/wp\/v2\/pages\/16119\/revisions\/17036"}],"up":[{"embeddable":true,"href":"https:\/\/www.clinicabajo.com\/en\/wp-json\/wp\/v2\/pages\/16044"}],"wp:featuredmedia":[{"embeddable":true,"href":"https:\/\/www.clinicabajo.com\/en\/wp-json\/wp\/v2\/media\/16054"}],"wp:attachment":[{"href":"https:\/\/www.clinicabajo.com\/en\/wp-json\/wp\/v2\/media?parent=16119"}],"curies":[{"name":"wp","href":"https:\/\/api.w.org\/{rel}","templated":true}]}}