{"id":16124,"date":"2025-12-24T12:05:42","date_gmt":"2025-12-24T11:05:42","guid":{"rendered":"https:\/\/www.clinicabajo.com\/we\/dr-zenon-sosa-canal\/"},"modified":"2026-04-25T19:17:58","modified_gmt":"2026-04-25T17:17:58","slug":"dr-zenon-sosa-canal","status":"publish","type":"page","link":"https:\/\/www.clinicabajo.com\/en\/about-us\/dr-zenon-sosa-canal\/","title":{"rendered":"Dr Ze\u00f1\u00f3n Sosa Canal"},"content":{"rendered":"\n<div class=\"wp-block-group has-global-padding is-layout-constrained wp-block-group-is-layout-constrained\" style=\"margin-top:var(--wp--preset--spacing--50);margin-bottom:var(--wp--preset--spacing--50)\">\n<div class=\"wp-block-columns is-layout-flex wp-container-core-columns-is-layout-cbe57604 wp-block-columns-is-layout-flex\">\n<div class=\"wp-block-column is-vertically-aligned-center is-layout-flow wp-block-column-is-layout-flow\">\n<h2 class=\"wp-block-heading\" style=\"font-style:normal;font-weight:700;text-transform:uppercase\">Oral Surgery and Implantology<\/h2>\n\n\n\n<div class=\"wp-block-group has-global-padding is-layout-constrained wp-block-group-is-layout-constrained\" style=\"margin-top:var(--wp--preset--spacing--40)\">\n<h3 class=\"wp-block-heading has-medium-font-size\">Diploma in Advanced Periodontics SEPA &#8211; Universidad Complutense de Madrid.<\/h3>\n\n\n\n<h3 class=\"wp-block-heading has-medium-font-size\">Master in Oral Surgery, Implantology and Implantoprosthesis &#8211; Universidad Rey Juan Carlos, Madrid, Spain.<\/h3>\n\n\n\n<h3 class=\"wp-block-heading has-medium-font-size\">Higher University Course in Implantoprosthesis &#8211; Universidad Rey Juan Carlos, Madrid, Spain.<\/h3>\n\n\n\n<h3 class=\"wp-block-heading has-medium-font-size\">Degree in Dentistry &#8211; Universidad Rey Juan Carlos, Madrid, Spain.<\/h3>\n\n\n\n<h3 class=\"wp-block-heading has-medium-font-size\">IES Viera y Clavijo, San Cristobal de La Laguna, Spain. Bachelor of Science. <\/h3>\n<\/div>\n<\/div>\n\n\n\n<div class=\"wp-block-column is-vertically-aligned-center is-layout-flow wp-block-column-is-layout-flow\">\n<figure class=\"wp-block-image aligncenter size-full is-resized\"><img loading=\"lazy\" decoding=\"async\" width=\"611\" height=\"611\" src=\"https:\/\/www.clinicabajo.com\/wp-content\/uploads\/2025\/12\/Dr.-Zenon-Sosa-Canal-Cirugia-Oral-e-Implantologia.jpg\" alt=\"Dr. Zen\u00f3n Sosa Canal, especialista en cirug\u00eda oral e implantolog\u00eda en Cl\u00ednica Abajo, Los Cristianos. Experto en implantes dentales en Tenerife Sur.\" class=\"wp-image-16268\" style=\"object-fit:cover;width:500px;height:500px\" title=\"\" srcset=\"https:\/\/www.clinicabajo.com\/wp-content\/uploads\/2025\/12\/Dr.-Zenon-Sosa-Canal-Cirugia-Oral-e-Implantologia.jpg 611w, https:\/\/www.clinicabajo.com\/wp-content\/uploads\/2025\/12\/Dr.-Zenon-Sosa-Canal-Cirugia-Oral-e-Implantologia-300x300.jpg 300w, https:\/\/www.clinicabajo.com\/wp-content\/uploads\/2025\/12\/Dr.-Zenon-Sosa-Canal-Cirugia-Oral-e-Implantologia-150x150.jpg 150w\" sizes=\"auto, (max-width: 611px) 100vw, 611px\" \/><\/figure>\n<\/div>\n<\/div>\n<\/div>\n","protected":false},"excerpt":{"rendered":"<p>Oral Surgery and Implantology Diploma in Advanced Periodontics SEPA &#8211; Universidad Complutense de Madrid. Master in Oral Surgery, Implantology and Implantoprosthesis &#8211; Universidad Rey Juan Carlos, Madrid, Spain. Higher University Course in Implantoprosthesis &#8211; Universidad Rey Juan Carlos, Madrid, Spain. Degree in Dentistry &#8211; Universidad Rey Juan Carlos, Madrid, Spain. IES Viera y Clavijo, San [&hellip;]<\/p>\n","protected":false},"author":2,"featured_media":16054,"parent":16044,"menu_order":0,"comment_status":"closed","ping_status":"closed","template":"pagina-cv","meta":{"footnotes":""},"class_list":["post-16124","page","type-page","status-publish","has-post-thumbnail","hentry"],"_links":{"self":[{"href":"https:\/\/www.clinicabajo.com\/en\/wp-json\/wp\/v2\/pages\/16124","targetHints":{"allow":["GET"]}}],"collection":[{"href":"https:\/\/www.clinicabajo.com\/en\/wp-json\/wp\/v2\/pages"}],"about":[{"href":"https:\/\/www.clinicabajo.com\/en\/wp-json\/wp\/v2\/types\/page"}],"author":[{"embeddable":true,"href":"https:\/\/www.clinicabajo.com\/en\/wp-json\/wp\/v2\/users\/2"}],"replies":[{"embeddable":true,"href":"https:\/\/www.clinicabajo.com\/en\/wp-json\/wp\/v2\/comments?post=16124"}],"version-history":[{"count":2,"href":"https:\/\/www.clinicabajo.com\/en\/wp-json\/wp\/v2\/pages\/16124\/revisions"}],"predecessor-version":[{"id":17041,"href":"https:\/\/www.clinicabajo.com\/en\/wp-json\/wp\/v2\/pages\/16124\/revisions\/17041"}],"up":[{"embeddable":true,"href":"https:\/\/www.clinicabajo.com\/en\/wp-json\/wp\/v2\/pages\/16044"}],"wp:featuredmedia":[{"embeddable":true,"href":"https:\/\/www.clinicabajo.com\/en\/wp-json\/wp\/v2\/media\/16054"}],"wp:attachment":[{"href":"https:\/\/www.clinicabajo.com\/en\/wp-json\/wp\/v2\/media?parent=16124"}],"curies":[{"name":"wp","href":"https:\/\/api.w.org\/{rel}","templated":true}]}}