{"id":16130,"date":"2025-12-24T12:10:54","date_gmt":"2025-12-24T11:10:54","guid":{"rendered":"https:\/\/www.clinicabajo.com\/we\/dr-jorge-angulo-sanchez\/"},"modified":"2026-04-25T20:09:11","modified_gmt":"2026-04-25T18:09:11","slug":"dr-jorge-angulo-sanchez","status":"publish","type":"page","link":"https:\/\/www.clinicabajo.com\/en\/about-us\/dr-jorge-angulo-sanchez\/","title":{"rendered":"Dr Jorge \u00c1ngulo S\u00e1nchez"},"content":{"rendered":"\n<div class=\"wp-block-group has-global-padding is-layout-constrained wp-block-group-is-layout-constrained\" style=\"margin-top:var(--wp--preset--spacing--50);margin-bottom:var(--wp--preset--spacing--50)\">\n<div class=\"wp-block-columns is-layout-flex wp-container-core-columns-is-layout-cbe57604 wp-block-columns-is-layout-flex\">\n<div class=\"wp-block-column is-vertically-aligned-center is-layout-flow wp-block-column-is-layout-flow\">\n<h2 class=\"wp-block-heading\" style=\"font-style:normal;font-weight:700;text-transform:uppercase\">Advanced Periodontics and Research<\/h2>\n\n\n\n<div class=\"wp-block-group has-global-padding is-layout-constrained wp-block-group-is-layout-constrained\" style=\"margin-top:var(--wp--preset--spacing--40)\">\n<h3 class=\"wp-block-heading has-medium-font-size\">Master in Periodontics and Implants by the University of Oviedo: duration 3 years exclusive dedication. 4080 hours. <\/h3>\n\n\n\n<h3 class=\"wp-block-heading has-medium-font-size\">Certificate-Diploma and Advanced Studies of Update and Invertication in Dentistry by the University of Oviedo.<\/h3>\n\n\n\n<h3 class=\"wp-block-heading has-medium-font-size\">Course &#8220;Fundamentals of Design and Statistics&#8221; of the postgraduate course &#8220;Research Methodology: Design and Statistics in Health Science&#8221; by the Universitat Aut\u00f2noma de Barcelona.<\/h3>\n\n\n\n<h3 class=\"wp-block-heading has-medium-font-size\">Degree in Dentistry from the University of Oviedo.<\/h3>\n\n\n\n<h3 class=\"wp-block-heading has-medium-font-size\">Teaching and research work:Professor of the Master of Periodontology and Implants of the Faculty of Medicine of the University of Oviedo. 2007-2008.Fellow of the research project CN-ES-C3-PERS-1 in the section of Periodontology of the University of Oviedo.Directors: Prof. Dr. Alberto Sicilia Felechosa and Prof. Dr. Jos\u00e9 Mar\u00eda Tejerina Lobo. <\/h3>\n\n\n\n<h3 class=\"wp-block-heading has-medium-font-size\">Member of the Spanish Society of Periodontology and Osseointegration.<\/h3>\n<\/div>\n<\/div>\n\n\n\n<div class=\"wp-block-column is-vertically-aligned-center is-layout-flow wp-block-column-is-layout-flow\">\n<figure class=\"wp-block-image aligncenter size-full is-resized\"><img loading=\"lazy\" decoding=\"async\" width=\"611\" height=\"611\" src=\"https:\/\/www.clinicabajo.com\/wp-content\/uploads\/2025\/12\/Dr.-Jorge-Angulo-Sanchez-Periodoncia-Avanzada-e-Investigacion.jpg\" alt=\"Dr. Jorge \u00c1ngulo S\u00e1nchez, especialista en periodoncia avanzada e investigaci\u00f3n en Cl\u00ednica Abajo, Los Cristianos. Experto en salud gingival en Tenerife Sur.\" class=\"wp-image-16269\" style=\"object-fit:cover;width:500px;height:500px\" title=\"\" srcset=\"https:\/\/www.clinicabajo.com\/wp-content\/uploads\/2025\/12\/Dr.-Jorge-Angulo-Sanchez-Periodoncia-Avanzada-e-Investigacion.jpg 611w, https:\/\/www.clinicabajo.com\/wp-content\/uploads\/2025\/12\/Dr.-Jorge-Angulo-Sanchez-Periodoncia-Avanzada-e-Investigacion-300x300.jpg 300w, https:\/\/www.clinicabajo.com\/wp-content\/uploads\/2025\/12\/Dr.-Jorge-Angulo-Sanchez-Periodoncia-Avanzada-e-Investigacion-150x150.jpg 150w\" sizes=\"auto, (max-width: 611px) 100vw, 611px\" \/><\/figure>\n<\/div>\n<\/div>\n<\/div>\n","protected":false},"excerpt":{"rendered":"<p>Advanced Periodontics and Research Master in Periodontics and Implants by the University of Oviedo: duration 3 years exclusive dedication. 4080 hours. Certificate-Diploma and Advanced Studies of Update and Invertication in Dentistry by the University of Oviedo. Course &#8220;Fundamentals of Design and Statistics&#8221; of the postgraduate course &#8220;Research Methodology: Design and Statistics in Health Science&#8221; by [&hellip;]<\/p>\n","protected":false},"author":2,"featured_media":16054,"parent":16044,"menu_order":0,"comment_status":"closed","ping_status":"closed","template":"pagina-cv","meta":{"footnotes":""},"class_list":["post-16130","page","type-page","status-publish","has-post-thumbnail","hentry"],"_links":{"self":[{"href":"https:\/\/www.clinicabajo.com\/en\/wp-json\/wp\/v2\/pages\/16130","targetHints":{"allow":["GET"]}}],"collection":[{"href":"https:\/\/www.clinicabajo.com\/en\/wp-json\/wp\/v2\/pages"}],"about":[{"href":"https:\/\/www.clinicabajo.com\/en\/wp-json\/wp\/v2\/types\/page"}],"author":[{"embeddable":true,"href":"https:\/\/www.clinicabajo.com\/en\/wp-json\/wp\/v2\/users\/2"}],"replies":[{"embeddable":true,"href":"https:\/\/www.clinicabajo.com\/en\/wp-json\/wp\/v2\/comments?post=16130"}],"version-history":[{"count":2,"href":"https:\/\/www.clinicabajo.com\/en\/wp-json\/wp\/v2\/pages\/16130\/revisions"}],"predecessor-version":[{"id":17072,"href":"https:\/\/www.clinicabajo.com\/en\/wp-json\/wp\/v2\/pages\/16130\/revisions\/17072"}],"up":[{"embeddable":true,"href":"https:\/\/www.clinicabajo.com\/en\/wp-json\/wp\/v2\/pages\/16044"}],"wp:featuredmedia":[{"embeddable":true,"href":"https:\/\/www.clinicabajo.com\/en\/wp-json\/wp\/v2\/media\/16054"}],"wp:attachment":[{"href":"https:\/\/www.clinicabajo.com\/en\/wp-json\/wp\/v2\/media?parent=16130"}],"curies":[{"name":"wp","href":"https:\/\/api.w.org\/{rel}","templated":true}]}}