{"id":16140,"date":"2025-12-24T12:17:24","date_gmt":"2025-12-24T11:17:24","guid":{"rendered":"https:\/\/www.clinicabajo.com\/we\/estefania-diaz-toledo\/"},"modified":"2026-04-25T19:47:01","modified_gmt":"2026-04-25T17:47:01","slug":"estefania-diaz-toledo","status":"publish","type":"page","link":"https:\/\/www.clinicabajo.com\/en\/about-us\/estefania-diaz-toledo\/","title":{"rendered":"Estefania Diaz Toledo"},"content":{"rendered":"\n<div class=\"wp-block-group has-global-padding is-layout-constrained wp-block-group-is-layout-constrained\" style=\"margin-top:var(--wp--preset--spacing--50);margin-bottom:var(--wp--preset--spacing--50)\">\n<div class=\"wp-block-columns is-layout-flex wp-container-core-columns-is-layout-cbe57604 wp-block-columns-is-layout-flex\">\n<div class=\"wp-block-column is-vertically-aligned-center is-layout-flow wp-block-column-is-layout-flow\">\n<h2 class=\"wp-block-heading\" style=\"font-style:normal;font-weight:700;text-transform:uppercase\">Dental Hygienist  <\/h2>\n\n\n\n<div class=\"wp-block-group has-global-padding is-layout-constrained wp-block-group-is-layout-constrained\" style=\"margin-top:var(--wp--preset--spacing--40)\">\n<h3 class=\"wp-block-heading has-medium-font-size\">Superior Technician in Oral Hygiene.<\/h3>\n\n\n\n<h3 class=\"wp-block-heading has-medium-font-size\">Dental or podiatric diagnostic X-ray operator.<\/h3>\n<\/div>\n<\/div>\n\n\n\n<div class=\"wp-block-column is-vertically-aligned-center is-layout-flow wp-block-column-is-layout-flow\">\n<figure class=\"wp-block-image aligncenter size-large is-resized\"><img loading=\"lazy\" decoding=\"async\" width=\"968\" height=\"1024\" src=\"https:\/\/www.clinicabajo.com\/wp-content\/uploads\/2025\/12\/Estefania-Diaz-Toledo-Higienista-Dental-968x1024.jpg\" alt=\"Estefan\u00eda D\u00edaz Toledo, higienista dental de Cl\u00ednica Abajo en Los Cristianos, especialista en higiene bucodental y salud oral en Tenerife Sur.\" class=\"wp-image-16271\" style=\"object-fit:cover;width:500px;height:500px\" title=\"\" srcset=\"https:\/\/www.clinicabajo.com\/wp-content\/uploads\/2025\/12\/Estefania-Diaz-Toledo-Higienista-Dental-968x1024.jpg 968w, https:\/\/www.clinicabajo.com\/wp-content\/uploads\/2025\/12\/Estefania-Diaz-Toledo-Higienista-Dental-284x300.jpg 284w, https:\/\/www.clinicabajo.com\/wp-content\/uploads\/2025\/12\/Estefania-Diaz-Toledo-Higienista-Dental-768x813.jpg 768w, https:\/\/www.clinicabajo.com\/wp-content\/uploads\/2025\/12\/Estefania-Diaz-Toledo-Higienista-Dental.jpg 1000w\" sizes=\"auto, (max-width: 968px) 100vw, 968px\" \/><\/figure>\n<\/div>\n<\/div>\n<\/div>\n","protected":false},"excerpt":{"rendered":"<p>Dental Hygienist Superior Technician in Oral Hygiene. Dental or podiatric diagnostic X-ray operator.<\/p>\n","protected":false},"author":2,"featured_media":16054,"parent":16044,"menu_order":0,"comment_status":"closed","ping_status":"closed","template":"pagina-cv","meta":{"footnotes":""},"class_list":["post-16140","page","type-page","status-publish","has-post-thumbnail","hentry"],"_links":{"self":[{"href":"https:\/\/www.clinicabajo.com\/en\/wp-json\/wp\/v2\/pages\/16140","targetHints":{"allow":["GET"]}}],"collection":[{"href":"https:\/\/www.clinicabajo.com\/en\/wp-json\/wp\/v2\/pages"}],"about":[{"href":"https:\/\/www.clinicabajo.com\/en\/wp-json\/wp\/v2\/types\/page"}],"author":[{"embeddable":true,"href":"https:\/\/www.clinicabajo.com\/en\/wp-json\/wp\/v2\/users\/2"}],"replies":[{"embeddable":true,"href":"https:\/\/www.clinicabajo.com\/en\/wp-json\/wp\/v2\/comments?post=16140"}],"version-history":[{"count":2,"href":"https:\/\/www.clinicabajo.com\/en\/wp-json\/wp\/v2\/pages\/16140\/revisions"}],"predecessor-version":[{"id":17056,"href":"https:\/\/www.clinicabajo.com\/en\/wp-json\/wp\/v2\/pages\/16140\/revisions\/17056"}],"up":[{"embeddable":true,"href":"https:\/\/www.clinicabajo.com\/en\/wp-json\/wp\/v2\/pages\/16044"}],"wp:featuredmedia":[{"embeddable":true,"href":"https:\/\/www.clinicabajo.com\/en\/wp-json\/wp\/v2\/media\/16054"}],"wp:attachment":[{"href":"https:\/\/www.clinicabajo.com\/en\/wp-json\/wp\/v2\/media?parent=16140"}],"curies":[{"name":"wp","href":"https:\/\/api.w.org\/{rel}","templated":true}]}}