{"id":16146,"date":"2025-12-24T12:19:30","date_gmt":"2025-12-24T11:19:30","guid":{"rendered":"https:\/\/www.clinicabajo.com\/we\/ana-rodriguez-cruz\/"},"modified":"2026-04-25T20:07:52","modified_gmt":"2026-04-25T18:07:52","slug":"ana-rodriguez-cruz","status":"publish","type":"page","link":"https:\/\/www.clinicabajo.com\/en\/about-us\/ana-rodriguez-cruz\/","title":{"rendered":"Ana Rodr\u00edguez Cruz"},"content":{"rendered":"\n<div class=\"wp-block-group has-global-padding is-layout-constrained wp-block-group-is-layout-constrained\" style=\"margin-top:var(--wp--preset--spacing--50);margin-bottom:var(--wp--preset--spacing--50)\">\n<div class=\"wp-block-columns is-layout-flex wp-container-core-columns-is-layout-cbe57604 wp-block-columns-is-layout-flex\">\n<div class=\"wp-block-column is-vertically-aligned-center is-layout-flow wp-block-column-is-layout-flow\">\n<h2 class=\"wp-block-heading\" style=\"font-style:normal;font-weight:700;text-transform:uppercase\">Clinical Assistant<\/h2>\n\n\n\n<div class=\"wp-block-group has-global-padding is-layout-constrained wp-block-group-is-layout-constrained\" style=\"margin-top:var(--wp--preset--spacing--40)\">\n<h3 class=\"wp-block-heading has-medium-font-size\">Clinic assistant.<\/h3>\n\n\n\n<h3 class=\"wp-block-heading has-medium-font-size\">Dental assistant.<\/h3>\n\n\n\n<h3 class=\"wp-block-heading has-medium-font-size\">Nursing assistant.<\/h3>\n<\/div>\n<\/div>\n\n\n\n<div class=\"wp-block-column is-vertically-aligned-center is-layout-flow wp-block-column-is-layout-flow\">\n<figure class=\"wp-block-image aligncenter size-full is-resized\"><img loading=\"lazy\" decoding=\"async\" width=\"611\" height=\"611\" src=\"https:\/\/www.clinicabajo.com\/wp-content\/uploads\/2025\/12\/Ana-Rodriguez-Cruz-Auxiliar-Clinica.jpg\" alt=\"Ana Rodr\u00edguez Cruz, auxiliar dental en Cl\u00ednica Abajo en Los Cristianos, especialista en atenci\u00f3n al paciente en Tenerife Sur.\" class=\"wp-image-16272\" style=\"object-fit:cover;width:500px;height:500px\" title=\"\" srcset=\"https:\/\/www.clinicabajo.com\/wp-content\/uploads\/2025\/12\/Ana-Rodriguez-Cruz-Auxiliar-Clinica.jpg 611w, https:\/\/www.clinicabajo.com\/wp-content\/uploads\/2025\/12\/Ana-Rodriguez-Cruz-Auxiliar-Clinica-300x300.jpg 300w, https:\/\/www.clinicabajo.com\/wp-content\/uploads\/2025\/12\/Ana-Rodriguez-Cruz-Auxiliar-Clinica-150x150.jpg 150w\" sizes=\"auto, (max-width: 611px) 100vw, 611px\" \/><\/figure>\n<\/div>\n<\/div>\n<\/div>\n","protected":false},"excerpt":{"rendered":"<p>Clinical Assistant Clinic assistant. Dental assistant. Nursing assistant.<\/p>\n","protected":false},"author":2,"featured_media":16054,"parent":16044,"menu_order":0,"comment_status":"closed","ping_status":"closed","template":"pagina-cv","meta":{"footnotes":""},"class_list":["post-16146","page","type-page","status-publish","has-post-thumbnail","hentry"],"_links":{"self":[{"href":"https:\/\/www.clinicabajo.com\/en\/wp-json\/wp\/v2\/pages\/16146","targetHints":{"allow":["GET"]}}],"collection":[{"href":"https:\/\/www.clinicabajo.com\/en\/wp-json\/wp\/v2\/pages"}],"about":[{"href":"https:\/\/www.clinicabajo.com\/en\/wp-json\/wp\/v2\/types\/page"}],"author":[{"embeddable":true,"href":"https:\/\/www.clinicabajo.com\/en\/wp-json\/wp\/v2\/users\/2"}],"replies":[{"embeddable":true,"href":"https:\/\/www.clinicabajo.com\/en\/wp-json\/wp\/v2\/comments?post=16146"}],"version-history":[{"count":2,"href":"https:\/\/www.clinicabajo.com\/en\/wp-json\/wp\/v2\/pages\/16146\/revisions"}],"predecessor-version":[{"id":17069,"href":"https:\/\/www.clinicabajo.com\/en\/wp-json\/wp\/v2\/pages\/16146\/revisions\/17069"}],"up":[{"embeddable":true,"href":"https:\/\/www.clinicabajo.com\/en\/wp-json\/wp\/v2\/pages\/16044"}],"wp:featuredmedia":[{"embeddable":true,"href":"https:\/\/www.clinicabajo.com\/en\/wp-json\/wp\/v2\/media\/16054"}],"wp:attachment":[{"href":"https:\/\/www.clinicabajo.com\/en\/wp-json\/wp\/v2\/media?parent=16146"}],"curies":[{"name":"wp","href":"https:\/\/api.w.org\/{rel}","templated":true}]}}